{"id":5250,"date":"2022-03-13T13:25:58","date_gmt":"2022-03-13T12:25:58","guid":{"rendered":"https:\/\/www.iampresencecenter.com\/contacto_ec\/"},"modified":"2026-04-22T11:29:15","modified_gmt":"2026-04-22T09:29:15","slug":"contacto","status":"publish","type":"page","link":"https:\/\/www.iampresencecenter.com\/es\/contacto\/","title":{"rendered":"Contacto"},"content":{"rendered":"\t\t<div data-elementor-type=\"wp-page\" data-elementor-id=\"5250\" class=\"elementor elementor-5250 elementor-5130\">\n\t\t\t\t\t\t\t\t\t<section class=\"elementor-section elementor-top-section elementor-element elementor-element-0536c0d elementor-section-full_width elementor-section-height-default elementor-section-height-default\" data-id=\"0536c0d\" data-element_type=\"section\" data-settings=\"{&quot;background_background&quot;:&quot;classic&quot;}\">\n\t\t\t\t\t\t<div class=\"elementor-container elementor-column-gap-default\">\n\t\t\t\t\t<div class=\"elementor-column elementor-col-100 elementor-top-column elementor-element elementor-element-8581bb4\" data-id=\"8581bb4\" data-element_type=\"column\">\n\t\t\t<div class=\"elementor-widget-wrap elementor-element-populated\">\n\t\t\t\t\t\t\t\t<div class=\"elementor-element elementor-element-9271616 elementor-widget elementor-widget-image\" data-id=\"9271616\" data-element_type=\"widget\" data-widget_type=\"image.default\">\n\t\t\t\t<div class=\"elementor-widget-container\">\n\t\t\t<style>\/*! elementor - v3.15.0 - 20-08-2023 *\/\n.elementor-widget-image{text-align:center}.elementor-widget-image a{display:inline-block}.elementor-widget-image a img[src$=\".svg\"]{width:48px}.elementor-widget-image img{vertical-align:middle;display:inline-block}<\/style>\t\t\t\t\t\t\t\t\t\t\t\t<img decoding=\"async\" width=\"1024\" height=\"576\" src=\"https:\/\/www.iampresencecenter.com\/wp-content\/uploads\/2026\/04\/alineacion-cuantica-del-alma--1024x576.png\" class=\"attachment-large size-large wp-image-21753\" alt=\"\" srcset=\"https:\/\/www.iampresencecenter.com\/wp-content\/uploads\/2026\/04\/alineacion-cuantica-del-alma--1024x576.png 1024w, https:\/\/www.iampresencecenter.com\/wp-content\/uploads\/2026\/04\/alineacion-cuantica-del-alma--300x169.png 300w, https:\/\/www.iampresencecenter.com\/wp-content\/uploads\/2026\/04\/alineacion-cuantica-del-alma--768x432.png 768w, https:\/\/www.iampresencecenter.com\/wp-content\/uploads\/2026\/04\/alineacion-cuantica-del-alma--1536x864.png 1536w, https:\/\/www.iampresencecenter.com\/wp-content\/uploads\/2026\/04\/alineacion-cuantica-del-alma--1170x658.png 1170w, https:\/\/www.iampresencecenter.com\/wp-content\/uploads\/2026\/04\/alineacion-cuantica-del-alma-.png 1920w\" sizes=\"(max-width: 1024px) 100vw, 1024px\" \/>\t\t\t\t\t\t\t\t\t\t\t\t\t\t\t<\/div>\n\t\t\t\t<\/div>\n\t\t\t\t\t<\/div>\n\t\t<\/div>\n\t\t\t\t\t\t\t<\/div>\n\t\t<\/section>\n\t\t\t\t<section class=\"elementor-section elementor-top-section elementor-element elementor-element-e77f57b elementor-section-stretched elementor-section-boxed elementor-section-height-default elementor-section-height-default\" data-id=\"e77f57b\" data-element_type=\"section\" data-settings=\"{&quot;stretch_section&quot;:&quot;section-stretched&quot;}\">\n\t\t\t\t\t\t<div class=\"elementor-container elementor-column-gap-default\">\n\t\t\t\t\t<div class=\"elementor-column elementor-col-100 elementor-top-column elementor-element elementor-element-6a157f7\" data-id=\"6a157f7\" data-element_type=\"column\">\n\t\t\t<div class=\"elementor-widget-wrap elementor-element-populated\">\n\t\t\t\t\t\t\t\t<div class=\"elementor-element elementor-element-71efdac elementor-widget elementor-widget-spacer\" data-id=\"71efdac\" data-element_type=\"widget\" data-widget_type=\"spacer.default\">\n\t\t\t\t<div class=\"elementor-widget-container\">\n\t\t\t<style>\/*! elementor - v3.15.0 - 20-08-2023 *\/\n.elementor-column .elementor-spacer-inner{height:var(--spacer-size)}.e-con{--container-widget-width:100%}.e-con-inner>.elementor-widget-spacer,.e-con>.elementor-widget-spacer{width:var(--container-widget-width,var(--spacer-size));--align-self:var(--container-widget-align-self,initial);--flex-shrink:0}.e-con-inner>.elementor-widget-spacer>.elementor-widget-container,.e-con-inner>.elementor-widget-spacer>.elementor-widget-container>.elementor-spacer,.e-con>.elementor-widget-spacer>.elementor-widget-container,.e-con>.elementor-widget-spacer>.elementor-widget-container>.elementor-spacer{height:100%}.e-con-inner>.elementor-widget-spacer>.elementor-widget-container>.elementor-spacer>.elementor-spacer-inner,.e-con>.elementor-widget-spacer>.elementor-widget-container>.elementor-spacer>.elementor-spacer-inner{height:var(--container-widget-height,var(--spacer-size))}<\/style>\t\t<div class=\"elementor-spacer\">\n\t\t\t<div class=\"elementor-spacer-inner\"><\/div>\n\t\t<\/div>\n\t\t\t\t<\/div>\n\t\t\t\t<\/div>\n\t\t\t\t\t<\/div>\n\t\t<\/div>\n\t\t\t\t\t\t\t<\/div>\n\t\t<\/section>\n\t\t\t\t<section class=\"elementor-section elementor-top-section elementor-element elementor-element-3f5728d elementor-section-boxed elementor-section-height-default elementor-section-height-default\" data-id=\"3f5728d\" data-element_type=\"section\" data-settings=\"{&quot;background_background&quot;:&quot;classic&quot;}\">\n\t\t\t\t\t\t<div class=\"elementor-container elementor-column-gap-default\">\n\t\t\t\t\t<div class=\"elementor-column elementor-col-25 elementor-top-column elementor-element elementor-element-14edb04\" data-id=\"14edb04\" data-element_type=\"column\">\n\t\t\t<div class=\"elementor-widget-wrap\">\n\t\t\t\t\t\t\t\t\t<\/div>\n\t\t<\/div>\n\t\t\t\t<div class=\"elementor-column elementor-col-50 elementor-top-column elementor-element elementor-element-2d81e0a\" data-id=\"2d81e0a\" data-element_type=\"column\">\n\t\t\t<div class=\"elementor-widget-wrap elementor-element-populated\">\n\t\t\t\t\t\t\t\t<div class=\"elementor-element elementor-element-b60fc37 elementor-widget elementor-widget-text-editor\" data-id=\"b60fc37\" data-element_type=\"widget\" data-widget_type=\"text-editor.default\">\n\t\t\t\t<div class=\"elementor-widget-container\">\n\t\t\t<style>\/*! elementor - v3.15.0 - 20-08-2023 *\/\n.elementor-widget-text-editor.elementor-drop-cap-view-stacked .elementor-drop-cap{background-color:#69727d;color:#fff}.elementor-widget-text-editor.elementor-drop-cap-view-framed .elementor-drop-cap{color:#69727d;border:3px solid;background-color:transparent}.elementor-widget-text-editor:not(.elementor-drop-cap-view-default) .elementor-drop-cap{margin-top:8px}.elementor-widget-text-editor:not(.elementor-drop-cap-view-default) .elementor-drop-cap-letter{width:1em;height:1em}.elementor-widget-text-editor .elementor-drop-cap{float:left;text-align:center;line-height:1;font-size:50px}.elementor-widget-text-editor .elementor-drop-cap-letter{display:inline-block}<\/style>\t\t\t\t<h1 data-pm-slice=\"1 1 []\">\u00a0<\/h1><h1 style=\"text-align: center;\" data-pm-slice=\"1 1 []\"><span style=\"color: #9c866b;\">\u00bfQu\u00e9 es Alineaci\u00f3n Cu\u00e1ntica del Alma\u2122 ?<\/span><\/h1>\t\t\t\t\t\t<\/div>\n\t\t\t\t<\/div>\n\t\t\t\t<div class=\"elementor-element elementor-element-55b68f4 elementor-widget elementor-widget-text-editor\" data-id=\"55b68f4\" data-element_type=\"widget\" data-widget_type=\"text-editor.default\">\n\t\t\t\t<div class=\"elementor-widget-container\">\n\t\t\t\t\t\t\t<p data-pm-slice=\"1 1 []\"><span style=\"font-family: Arial, Helvetica, sans-serif; font-size: 14pt;\">Una experiencia inmersiva que reestructura tu alma.<\/span><\/p><p><span style=\"font-family: Arial, Helvetica, sans-serif; font-size: 14pt;\">Una iniciaci\u00f3n profunda para realinear tu existencia con la frecuencia de la Fuente.<\/span><\/p><p><span style=\"font-family: Arial, Helvetica, sans-serif; font-size: 14pt;\">Una intervenci\u00f3n profunda que act\u00faa a nivel hol\u00edstico de tu ser:<\/span><\/p><p><span style=\"font-family: Arial, Helvetica, sans-serif; font-size: 14pt;\">El cuerpo f\u00edsico <\/span><\/p><p><span style=\"font-family: Arial, Helvetica, sans-serif; font-size: 14pt;\">El cuerpo emocional <\/span><\/p><p><span style=\"font-family: Arial, Helvetica, sans-serif; font-size: 14pt;\">El cuerpo mental<\/span><\/p><p><span style=\"font-family: Arial, Helvetica, sans-serif; font-size: 14pt;\">El sistema energ\u00e9tico<\/span><\/p><p><span style=\"font-family: Arial, Helvetica, sans-serif; font-size: 14pt;\">Registros y l\u00edneas de tiempo del alma<\/span><\/p><p>\u00a0<\/p>\t\t\t\t\t\t<\/div>\n\t\t\t\t<\/div>\n\t\t\t\t\t<\/div>\n\t\t<\/div>\n\t\t\t\t<div class=\"elementor-column elementor-col-25 elementor-top-column elementor-element elementor-element-df0efe3\" data-id=\"df0efe3\" data-element_type=\"column\">\n\t\t\t<div class=\"elementor-widget-wrap\">\n\t\t\t\t\t\t\t\t\t<\/div>\n\t\t<\/div>\n\t\t\t\t\t\t\t<\/div>\n\t\t<\/section>\n\t\t\t\t<section class=\"elementor-section elementor-top-section elementor-element elementor-element-57fd265 elementor-section-boxed elementor-section-height-default elementor-section-height-default\" data-id=\"57fd265\" data-element_type=\"section\" data-settings=\"{&quot;background_background&quot;:&quot;classic&quot;}\">\n\t\t\t\t\t\t<div class=\"elementor-container elementor-column-gap-default\">\n\t\t\t\t\t<div class=\"elementor-column elementor-col-25 elementor-top-column elementor-element elementor-element-b7a28c4\" data-id=\"b7a28c4\" data-element_type=\"column\">\n\t\t\t<div class=\"elementor-widget-wrap\">\n\t\t\t\t\t\t\t\t\t<\/div>\n\t\t<\/div>\n\t\t\t\t<div class=\"elementor-column elementor-col-50 elementor-top-column elementor-element elementor-element-5fa9469\" data-id=\"5fa9469\" data-element_type=\"column\">\n\t\t\t<div class=\"elementor-widget-wrap elementor-element-populated\">\n\t\t\t\t\t\t\t\t<div class=\"elementor-element elementor-element-be062e5 elementor-widget elementor-widget-text-editor\" data-id=\"be062e5\" data-element_type=\"widget\" data-widget_type=\"text-editor.default\">\n\t\t\t\t<div class=\"elementor-widget-container\">\n\t\t\t\t\t\t\t<p data-pm-slice=\"1 1 []\">\u00a0<\/p><p style=\"text-align: center;\" data-pm-slice=\"1 1 []\"><span style=\"font-family: Georgia, Palatino;\"><strong><span style=\"font-size: 18pt; color: #9c866b;\">CUATRO PASOS: <\/span><\/strong><\/span><\/p><p style=\"text-align: center;\" data-pm-slice=\"1 1 []\"><span style=\"font-family: Georgia, Palatino;\"><strong><span style=\"font-size: 18pt; color: #9c866b;\">\u00a0<\/span><\/strong><\/span><\/p><p style=\"text-align: center;\" data-pm-slice=\"1 1 []\"><span style=\"font-family: Georgia, Palatino;\"><strong><span style=\"font-size: 18pt; color: #9c866b;\">Acceso &#8211; Liberaci\u00f3n &#8211; Reajuste &#8211; Activaci\u00f3n<\/span><\/strong><\/span><\/p><p style=\"text-align: center;\" data-pm-slice=\"1 1 []\"><span style=\"font-family: Georgia, Palatino;\"><strong><span style=\"font-size: 18pt; color: #9c866b;\">\u00a0<\/span><\/strong><\/span><\/p><p style=\"text-align: center;\"><span style=\"font-size: 14pt; font-family: Arial, Helvetica, sans-serif;\">Mediante un estado de conciencia expandida, accedemos a las capas del subconsciente para disolver patrones que ya no forman parte de tu evoluci\u00f3n y conectarte con tu verdadera Esencia.<\/span><\/p><p style=\"text-align: center;\"><span style=\"font-size: 14pt; font-family: Arial, Helvetica, sans-serif;\">\u00a0<\/span><\/p><p style=\"text-align: center;\" data-pm-slice=\"1 1 []\"><span style=\"font-size: 14pt; font-family: Arial, Helvetica, sans-serif;\">Con las regresiones accedes a tus propios registros.<\/span><\/p><p style=\"text-align: center;\" data-pm-slice=\"1 1 []\"><span style=\"font-size: 14pt; font-family: Arial, Helvetica, sans-serif;\">\u00a0<\/span><\/p><p data-pm-slice=\"1 1 []\">\u00a0<\/p>\t\t\t\t\t\t<\/div>\n\t\t\t\t<\/div>\n\t\t\t\t\t<\/div>\n\t\t<\/div>\n\t\t\t\t<div class=\"elementor-column elementor-col-25 elementor-top-column elementor-element elementor-element-70116c7\" data-id=\"70116c7\" data-element_type=\"column\">\n\t\t\t<div class=\"elementor-widget-wrap\">\n\t\t\t\t\t\t\t\t\t<\/div>\n\t\t<\/div>\n\t\t\t\t\t\t\t<\/div>\n\t\t<\/section>\n\t\t\t\t<section class=\"elementor-section elementor-top-section elementor-element elementor-element-e7af169 elementor-section-boxed elementor-section-height-default elementor-section-height-default\" data-id=\"e7af169\" data-element_type=\"section\" data-settings=\"{&quot;background_background&quot;:&quot;classic&quot;}\">\n\t\t\t\t\t\t<div class=\"elementor-container elementor-column-gap-default\">\n\t\t\t\t\t<div class=\"elementor-column elementor-col-25 elementor-top-column elementor-element elementor-element-011fc1f\" data-id=\"011fc1f\" data-element_type=\"column\">\n\t\t\t<div class=\"elementor-widget-wrap\">\n\t\t\t\t\t\t\t\t\t<\/div>\n\t\t<\/div>\n\t\t\t\t<div class=\"elementor-column elementor-col-50 elementor-top-column elementor-element elementor-element-99d643d\" data-id=\"99d643d\" data-element_type=\"column\">\n\t\t\t<div class=\"elementor-widget-wrap elementor-element-populated\">\n\t\t\t\t\t\t\t\t<div class=\"elementor-element elementor-element-83f6763 elementor-widget elementor-widget-text-editor\" data-id=\"83f6763\" data-element_type=\"widget\" data-widget_type=\"text-editor.default\">\n\t\t\t\t<div class=\"elementor-widget-container\">\n\t\t\t\t\t\t\t\t\t\t\t\t\t<\/div>\n\t\t\t\t<\/div>\n\t\t\t\t<div class=\"elementor-element elementor-element-75349c3 elementor-align-center elementor-widget elementor-widget-button\" data-id=\"75349c3\" data-element_type=\"widget\" data-widget_type=\"button.default\">\n\t\t\t\t<div class=\"elementor-widget-container\">\n\t\t\t\t\t<div class=\"elementor-button-wrapper\">\n\t\t\t<a class=\"elementor-button elementor-button-link elementor-size-sm\" href=\"https:\/\/iampresencecenter2.simplero.com\/page\/697661\">\n\t\t\t\t\t\t<span class=\"elementor-button-content-wrapper\">\n\t\t\t\t\t\t<span class=\"elementor-button-text\">M\u00c1S INFORMACI\u00d3N  A AQU\u00cd<\/span>\n\t\t<\/span>\n\t\t\t\t\t<\/a>\n\t\t<\/div>\n\t\t\t\t<\/div>\n\t\t\t\t<\/div>\n\t\t\t\t<div class=\"elementor-element elementor-element-cec541e elementor-widget elementor-widget-text-editor\" data-id=\"cec541e\" data-element_type=\"widget\" data-widget_type=\"text-editor.default\">\n\t\t\t\t<div class=\"elementor-widget-container\">\n\t\t\t\t\t\t\t\t\t\t\t\t\t<\/div>\n\t\t\t\t<\/div>\n\t\t\t\t\t<\/div>\n\t\t<\/div>\n\t\t\t\t<div class=\"elementor-column elementor-col-25 elementor-top-column elementor-element elementor-element-a309d0f\" data-id=\"a309d0f\" data-element_type=\"column\">\n\t\t\t<div class=\"elementor-widget-wrap\">\n\t\t\t\t\t\t\t\t\t<\/div>\n\t\t<\/div>\n\t\t\t\t\t\t\t<\/div>\n\t\t<\/section>\n\t\t\t\t<section class=\"elementor-section elementor-top-section elementor-element elementor-element-30c9187 elementor-section-boxed elementor-section-height-default elementor-section-height-default\" data-id=\"30c9187\" data-element_type=\"section\">\n\t\t\t\t\t\t<div class=\"elementor-container elementor-column-gap-default\">\n\t\t\t\t\t<div class=\"elementor-column elementor-col-100 elementor-top-column elementor-element elementor-element-a670d50\" data-id=\"a670d50\" data-element_type=\"column\">\n\t\t\t<div class=\"elementor-widget-wrap elementor-element-populated\">\n\t\t\t\t\t\t\t\t<div class=\"elementor-element elementor-element-7c58283 elementor-widget elementor-widget-spacer\" data-id=\"7c58283\" data-element_type=\"widget\" data-widget_type=\"spacer.default\">\n\t\t\t\t<div class=\"elementor-widget-container\">\n\t\t\t\t\t<div class=\"elementor-spacer\">\n\t\t\t<div class=\"elementor-spacer-inner\"><\/div>\n\t\t<\/div>\n\t\t\t\t<\/div>\n\t\t\t\t<\/div>\n\t\t\t\t\t<\/div>\n\t\t<\/div>\n\t\t\t\t\t\t\t<\/div>\n\t\t<\/section>\n\t\t\t\t<section class=\"elementor-section elementor-top-section elementor-element elementor-element-49f64cf elementor-section-stretched elementor-section-boxed elementor-section-height-default elementor-section-height-default\" data-id=\"49f64cf\" data-element_type=\"section\" data-settings=\"{&quot;background_background&quot;:&quot;classic&quot;,&quot;stretch_section&quot;:&quot;section-stretched&quot;}\">\n\t\t\t\t\t\t<div class=\"elementor-container elementor-column-gap-default\">\n\t\t\t\t\t<div class=\"elementor-column elementor-col-50 elementor-top-column elementor-element elementor-element-1ad276e\" data-id=\"1ad276e\" data-element_type=\"column\">\n\t\t\t<div class=\"elementor-widget-wrap\">\n\t\t\t\t\t\t\t\t\t<\/div>\n\t\t<\/div>\n\t\t\t\t<div class=\"elementor-column elementor-col-50 elementor-top-column elementor-element elementor-element-161360a\" data-id=\"161360a\" data-element_type=\"column\" data-settings=\"{&quot;background_background&quot;:&quot;classic&quot;}\">\n\t\t\t<div class=\"elementor-widget-wrap elementor-element-populated\">\n\t\t\t\t\t<div class=\"elementor-background-overlay\"><\/div>\n\t\t\t\t\t\t\t\t<div class=\"elementor-element elementor-element-652af12 elementor-widget elementor-widget-text-editor\" data-id=\"652af12\" data-element_type=\"widget\" data-widget_type=\"text-editor.default\">\n\t\t\t\t<div class=\"elementor-widget-container\">\n\t\t\t\t\t\t\t<h2 class=\"grve-element grve-title grve-align-left grve-h2 grve-title-gradient grve-title-622c7b0f6ce42\" style=\"text-align: center;\">\u00a0<\/h2><div class=\"grve-element grve-text\" style=\"text-align: center;\"><p><span style=\"font-size: 18pt; color: #9c866b;\"><strong><span style=\"font-family: Georgia, Palatino;\">DONATIVOS<\/span><\/strong><\/span><\/p><p>\u00a0<\/p><\/div><div class=\"grve-element grve-text\" style=\"text-align: center;\"><p><span style=\"font-family: Arial, Helvetica, sans-serif;\">Agradecemos profundamente todas las donaciones por nuestro servicio.<\/span><\/p><p><span style=\"font-family: Arial, Helvetica, sans-serif;\">Las canalizamos con una transmisi\u00f3n energ\u00e9tica de abundancia.<\/span><\/p><\/div><div class=\"grve-element grve-text\">\u00a0<\/div>\t\t\t\t\t\t<\/div>\n\t\t\t\t<\/div>\n\t\t\t\t<div class=\"elementor-element elementor-element-bc6d8f1 elementor-align-center elementor-widget elementor-widget-button\" data-id=\"bc6d8f1\" data-element_type=\"widget\" data-widget_type=\"button.default\">\n\t\t\t\t<div class=\"elementor-widget-container\">\n\t\t\t\t\t<div class=\"elementor-button-wrapper\">\n\t\t\t<a class=\"elementor-button elementor-button-link elementor-size-sm\" href=\"https:\/\/iampresencecenter2.simplero.com\/purchase\/120202-Donacion\">\n\t\t\t\t\t\t<span class=\"elementor-button-content-wrapper\">\n\t\t\t\t\t\t<span class=\"elementor-button-text\">Haz clic aqu\u00ed<\/span>\n\t\t<\/span>\n\t\t\t\t\t<\/a>\n\t\t<\/div>\n\t\t\t\t<\/div>\n\t\t\t\t<\/div>\n\t\t\t\t\t<\/div>\n\t\t<\/div>\n\t\t\t\t\t\t\t<\/div>\n\t\t<\/section>\n\t\t\t\t<section class=\"elementor-section elementor-top-section elementor-element elementor-element-f532769 elementor-section-stretched elementor-section-boxed elementor-section-height-default elementor-section-height-default\" data-id=\"f532769\" data-element_type=\"section\" data-settings=\"{&quot;stretch_section&quot;:&quot;section-stretched&quot;}\">\n\t\t\t\t\t\t<div class=\"elementor-container elementor-column-gap-default\">\n\t\t\t\t\t<div class=\"elementor-column elementor-col-100 elementor-top-column elementor-element elementor-element-90f9f61\" data-id=\"90f9f61\" data-element_type=\"column\">\n\t\t\t<div class=\"elementor-widget-wrap elementor-element-populated\">\n\t\t\t\t\t\t\t\t<div class=\"elementor-element elementor-element-6617a89 elementor-widget elementor-widget-spacer\" data-id=\"6617a89\" data-element_type=\"widget\" data-widget_type=\"spacer.default\">\n\t\t\t\t<div class=\"elementor-widget-container\">\n\t\t\t\t\t<div class=\"elementor-spacer\">\n\t\t\t<div class=\"elementor-spacer-inner\"><\/div>\n\t\t<\/div>\n\t\t\t\t<\/div>\n\t\t\t\t<\/div>\n\t\t\t\t\t<\/div>\n\t\t<\/div>\n\t\t\t\t\t\t\t<\/div>\n\t\t<\/section>\n\t\t\t\t\t\t\t<\/div>\n\t\t","protected":false},"excerpt":{"rendered":"<p>\u00a0 \u00bfQu\u00e9 es Alineaci\u00f3n Cu\u00e1ntica del Alma\u2122 ? Una experiencia inmersiva que reestructura tu alma. Una iniciaci\u00f3n profunda para realinear tu existencia con la frecuencia de la Fuente. Una intervenci\u00f3n profunda que act\u00faa a nivel hol\u00edstico de tu ser: El cuerpo f\u00edsico El cuerpo emocional El cuerpo mental El sistema energ\u00e9tico Registros y l\u00edneas de [&hellip;]<\/p>\n","protected":false},"author":1,"featured_media":0,"parent":0,"menu_order":0,"comment_status":"closed","ping_status":"closed","template":"","meta":[],"_links":{"self":[{"href":"https:\/\/www.iampresencecenter.com\/es\/wp-json\/wp\/v2\/pages\/5250"}],"collection":[{"href":"https:\/\/www.iampresencecenter.com\/es\/wp-json\/wp\/v2\/pages"}],"about":[{"href":"https:\/\/www.iampresencecenter.com\/es\/wp-json\/wp\/v2\/types\/page"}],"author":[{"embeddable":true,"href":"https:\/\/www.iampresencecenter.com\/es\/wp-json\/wp\/v2\/users\/1"}],"replies":[{"embeddable":true,"href":"https:\/\/www.iampresencecenter.com\/es\/wp-json\/wp\/v2\/comments?post=5250"}],"version-history":[{"count":99,"href":"https:\/\/www.iampresencecenter.com\/es\/wp-json\/wp\/v2\/pages\/5250\/revisions"}],"predecessor-version":[{"id":21809,"href":"https:\/\/www.iampresencecenter.com\/es\/wp-json\/wp\/v2\/pages\/5250\/revisions\/21809"}],"wp:attachment":[{"href":"https:\/\/www.iampresencecenter.com\/es\/wp-json\/wp\/v2\/media?parent=5250"}],"curies":[{"name":"wp","href":"https:\/\/api.w.org\/{rel}","templated":true}]}}