{"id":2307,"date":"2021-01-30T20:40:26","date_gmt":"2021-01-30T19:40:26","guid":{"rendered":"http:\/\/www.iampresencecenter.com\/politica-de-privacidad\/"},"modified":"2021-12-27T08:45:11","modified_gmt":"2021-12-27T07:45:11","slug":"politica-de-privacidad","status":"publish","type":"page","link":"https:\/\/www.iampresencecenter.com\/es\/politica-de-privacidad\/","title":{"rendered":"Politica de Privacidad"},"content":{"rendered":"<p class=\"p2\"><b>POL\u00cdTICA DE PRIVACIDAD\u00a0<\/b><\/p>\n<p class=\"p4\">Lea esta Pol\u00edtica de privacidad detenidamente antes de utilizar este sitio web.<\/p>\n<p class=\"p5\"><b>Consentimiento de la pol\u00edtica de privacidad.<\/b><\/p>\n<p class=\"p4\">El sitio web y su contenido son propiedad de Anna Barniol Suri\u00f1ach y I AM PRESENCE C Center (\u00abCompa\u00f1\u00eda\u00bb, \u00abnosotros\u00bb o \u00abnos\u00bb). El t\u00e9rmino \u00abusted\u00bb se refiere al usuario o visitante de nuestro sitio web (\u00absitio web\u00bb).<\/p>\n<p class=\"p4\">Esta Pol\u00edtica de privacidad describe c\u00f3mo recopilamos, usamos, procesamos y distribuimos su informaci\u00f3n, incluidos los Datos personales (como se define a continuaci\u00f3n) utilizados para acceder a este sitio web. No usaremos ni compartiremos su informaci\u00f3n con nadie excepto como se describe en esta Pol\u00edtica de Privacidad. El uso de la informaci\u00f3n recopilada a trav\u00e9s de nuestro sitio web se limitar\u00e1 a los fines de esta Pol\u00edtica de privacidad, y tambi\u00e9n a nuestros T\u00e9rminos de uso si es cliente o cliente.<\/p>\n<p class=\"p4\">Lea atentamente esta Pol\u00edtica de privacidad. Nos reservamos el derecho de cambiar esta Pol\u00edtica de privacidad en el sitio web en cualquier momento sin previo aviso. En el caso de un cambio material, le informaremos por correo electr\u00f3nico y \/ o un aviso destacado en nuestro sitio web.<\/p>\n<p class=\"p4\">El uso de cualquier informaci\u00f3n personal o contribuci\u00f3n que nos proporcione, o que recopilemos en nuestro sitio web o su contenido, o que este se registre por esta Pol\u00edtica de privacidad. Al utilizar nuestro sitio web o su contenido, usted acepta esta Pol\u00edtica de privacidad, ya sea que la haya le\u00eddo o no.<\/p>\n<p class=\"p5\"><b>Informaci\u00f3n que podemos recopilar.<\/b><\/p>\n<p class=\"p4\">Recopilamos informaci\u00f3n personal de usted para poder brindarle una experiencia positiva al utilizar nuestro sitio web o contenido. Solo recopilaremos la cantidad m\u00ednima de informaci\u00f3n necesaria para cumplir con nuestra obligaci\u00f3n con usted. Podemos recopilar su:<\/p>\n<ol class=\"ol1\">\n<li class=\"li6\"><span class=\"s1\">Nombre y una direcci\u00f3n de correo electr\u00f3nico para que podamos enviarle nuestro bolet\u00edn informativo; estar\u00eda consintiendo afirmativamente esto al proporcionarnos esta informaci\u00f3n en nuestros formularios de contacto.<\/span><\/li>\n<li class=\"li6\"><span class=\"s1\">Informaci\u00f3n de facturaci\u00f3n, incluido el nombre, la direcci\u00f3n y la informaci\u00f3n de la tarjeta de cr\u00e9dito para que podamos procesar el pago para entregarle nuestros productos o servicios bajo nuestra obligaci\u00f3n contractual.<\/span><\/li>\n<li class=\"li6\"><span class=\"s1\">Nombre y una direcci\u00f3n de correo electr\u00f3nico si completa nuestro formulario de contacto con una pregunta. Podemos enviarle correos electr\u00f3nicos de marketing con su consentimiento o si creemos que tenemos un inter\u00e9s leg\u00edtimo en comunicarnos con usted en funci\u00f3n de su contacto o pregunta.<\/span><\/li>\n<li class=\"li6\"><span class=\"s1\">Informaci\u00f3n suya de una oferta de marca compartida. En este caso, dejaremos en claro qui\u00e9n recopila la informaci\u00f3n y cu\u00e1l es la pol\u00edtica de privacidad que se aplica. Si ambas \/ todas las partes retienen la informaci\u00f3n que usted proporciona, esto tambi\u00e9n se aclarar\u00e1, al igual que los enlaces a todas las pol\u00edticas de privacidad.<\/span><\/li>\n<\/ol>\n<p class=\"p4\">Tenga en cuenta que la informaci\u00f3n anterior (\u00abDatos personales\u00bb) que nos proporciona es voluntaria y, al proporcionarnos esta informaci\u00f3n, est\u00e1 dando su consentimiento para que usemos, recopilemos y procesemos estos Datos personales. Puede optar por no participar o solicitar que eliminemos sus Datos personales en cualquier momento contact\u00e1ndonos en <a href=\"mailto:anna@iampresencecenter.com\"><span class=\"s2\">anna@iampresencecenter.com<\/span><\/a><\/p>\n<p class=\"p4\">Si elige no proporcionarnos ciertos Datos personales, es posible que no pueda participar en ciertos aspectos de nuestro sitio web o contenido.<\/p>\n<p class=\"p5\"><b>Otra informaci\u00f3n que podamos recopilar.<\/b><\/p>\n<p class=\"p4\"><b>Recopilaci\u00f3n y uso de datos an\u00f3nimos<\/b><\/p>\n<p class=\"p4\">Para mantener la alta calidad de nuestro sitio web, podemos usar su direcci\u00f3n IP para ayudar a diagnosticar problemas con nuestro servidor y para administrar el sitio web identificando qu\u00e9 \u00e1reas del sitio web se utilizan con mayor frecuencia y para mostrar contenido de acuerdo con sus preferencias. Su direcci\u00f3n IP es el n\u00famero asignado a las computadoras conectadas a Internet. Se trata esencialmente de \u00abdatos de tr\u00e1fico\u00bb que no pueden identificarlo personalmente, pero nos resultan \u00fatiles para fines de marketing y para mejorar nuestros servicios. La recopilaci\u00f3n de datos de tr\u00e1fico no sigue las actividades de un usuario en ning\u00fan otro sitio web de ninguna manera. Los datos de tr\u00e1fico an\u00f3nimos tambi\u00e9n se pueden compartir con socios comerciales y anunciantes de forma agregada.<\/p>\n<p class=\"p4\"><b>Uso de \u00abcookies\u00bb<\/b><\/p>\n<p class=\"p4\">Podemos utilizar la funci\u00f3n est\u00e1ndar de \u00abcookies\u00bb de los principales navegadores web. No establecemos ninguna informaci\u00f3n de identificaci\u00f3n personal en las cookies, ni empleamos ning\u00fan mecanismo de captura de datos en nuestro sitio web que no sean las cookies. Puede optar por desactivar las cookies a trav\u00e9s de la configuraci\u00f3n de su propio navegador web. Sin embargo, deshabilitar esta funci\u00f3n puede disminuir su experiencia en nuestro sitio web y es posible que algunas funciones no funcionen seg\u00fan lo previsto.<\/p>\n<p class=\"p5\"><b>Qu\u00e9 hacemos con la informaci\u00f3n que recopilamos.<\/b><\/p>\n<p class=\"p4\"><b>Contactarle.<\/b><\/p>\n<p class=\"p4\">Es posible que nos comuniquemos con usted con la informaci\u00f3n que nos proporcione en funci\u00f3n de estos motivos legales para el procesamiento:<\/p>\n<ol class=\"ol1\">\n<li class=\"li6\"><span class=\"s1\">Podemos comunicarnos con usted si nos da su consentimiento claro, inequ\u00edvoco y afirmativo para comunicarnos con usted.<\/span><\/li>\n<li class=\"li6\"><span class=\"s1\">Nos comunicaremos con usted en virtud de nuestra obligaci\u00f3n contractual de entregarle los bienes o servicios que nos compre.<\/span><\/li>\n<li class=\"li6\"><span class=\"s1\">Inter\u00e9s leg\u00edtimo. Podemos comunicarnos con usted si creemos que tiene un inter\u00e9s leg\u00edtimo en recibir noticias nuestras. Por ejemplo, si se inscribe en un seminario web, podemos enviarle correos electr\u00f3nicos de marketing basados \u200b\u200ben el contenido de ese seminario web. Siempre tendr\u00e1 la opci\u00f3n de optar por no recibir cualquiera de nuestros correos electr\u00f3nicos.<\/span><\/li>\n<\/ol>\n<p class=\"p4\"><b>Procesar pagos.<\/b><\/p>\n<p class=\"p4\">Utilizaremos los Datos personales que nos proporcione para procesar su pago por la compra de bienes o servicios en virtud de un contrato. Solo utilizamos procesadores de pagos de terceros que tienen el mayor cuidado en proteger los datos y cumplir con el GDPR.<\/p>\n<p class=\"p4\"><b>Anuncios de redes sociales dirigidos.<\/b><\/p>\n<p class=\"p4\">Podemos utilizar los datos que nos proporciona para publicar anuncios en las redes sociales y \/ o crear audiencias similares para los anuncios.<\/p>\n<p class=\"p4\"><b>Compartir con terceros.<\/b><\/p>\n<p class=\"p4\">Podemos compartir su informaci\u00f3n con terceros confiables, como nuestro proveedor de boletines informativos, para comunicarnos con usted por correo electr\u00f3nico, o nuestras cuentas comerciales para procesar pagos, y cuentas de Google \/ redes sociales para publicar anuncios y nuestros afiliados.<\/p>\n<p class=\"p5\"><b>Visualizaci\u00f3n por otros.<\/b><\/p>\n<p class=\"p4\">Tenga en cuenta que siempre que voluntariamente haga que sus Datos personales est\u00e9n disponibles para que otros los vean en l\u00ednea a trav\u00e9s de este sitio web o su contenido, otros pueden verlos, recopilarlos y utilizarlos y, por lo tanto, no podemos ser responsables de ning\u00fan uso no autorizado o inadecuado de la informaci\u00f3n que compartes voluntariamente (es decir, compartes un comentario en una publicaci\u00f3n de blog, publicas en un grupo de Facebook que administramos, compartes detalles en una llamada de coaching grupal, etc.).<\/p>\n<p class=\"p5\"><b>Env\u00edo, almacenamiento, intercambio y transferencia de datos personales.<\/b><\/p>\n<p class=\"p4\">Los datos personales que nos proporciona se almacenan internamente o mediante un sistema de gesti\u00f3n de datos. A sus Datos personales solo acceder\u00e1n aquellos que ayuden a obtener, administrar o almacenar esa informaci\u00f3n, o que tengan una necesidad leg\u00edtima de conocer dichos Datos personales (es decir, nuestro proveedor de alojamiento, proveedor de boletines, procesadores de pagos o miembros del equipo).<\/p>\n<p class=\"p4\">Es importante tener en cuenta que podemos transferir datos a nivel internacional. Para los usuarios de la Uni\u00f3n Europea, tenga en cuenta que transferimos Datos personales fuera de la Uni\u00f3n Europea. Al utilizar nuestro sitio web y proporcionarnos sus datos personales, usted acepta estas transferencias de acuerdo con esta Pol\u00edtica de privacidad.<\/p>\n<p class=\"p5\"><b>Retenci\u00f3n de datos.<\/b><\/p>\n<p class=\"p4\">Conservamos sus Datos personales durante el tiempo m\u00ednimo necesario para proporcionarle la informaci\u00f3n y \/ o los servicios que nos solicit\u00f3. Podemos incluir ciertos Datos personales durante per\u00edodos de tiempo m\u00e1s prolongados si es necesario para las obligaciones legales, contractuales y contables.<\/p>\n<p class=\"p5\"><b>Confidencialidad.<\/b><\/p>\n<p class=\"p4\">Nuestro objetivo es mantener la confidencialidad de los datos personales que comparte con nosotros. Tenga en cuenta que podemos divulgar dicha informaci\u00f3n si as\u00ed lo requiere la ley o si creemos de buena fe que: (1) dicha acci\u00f3n es necesaria para proteger y defender nuestra propiedad o derechos o los de nuestros usuarios o licenciatarios, (2) actuar seg\u00fan sea necesario inmediatamente para proteger la seguridad personal o los derechos de nuestros usuarios o del p\u00fablico, o (3) para investigar o responder a cualquier violaci\u00f3n real o percibida de esta Pol\u00edtica de privacidad o de nuestro Descargo de responsabilidad, T\u00e9rminos y condiciones del sitio web, o cualquier otro T\u00e9rminos de uso o acuerdo con nosotros.<\/p>\n<p class=\"p5\"><b>Contrase\u00f1as.<\/b><\/p>\n<p class=\"p4\">Para utilizar determinadas funciones del sitio web o su contenido, es posible que necesite un nombre de usuario y una contrase\u00f1a. Usted es responsable de mantener la confidencialidad del nombre de usuario y la contrase\u00f1a, y es responsable de todas las actividades, ya sea por usted o por otros, que ocurran bajo su nombre de usuario o contrase\u00f1a y dentro de su cuenta. No podemos y no seremos responsables de ninguna p\u00e9rdida o da\u00f1o que surja de su falta de protecci\u00f3n de su nombre de usuario, contrase\u00f1a o informaci\u00f3n de cuenta. Si comparte su nombre de usuario o contrase\u00f1a con otras personas, es posible que puedan obtener acceso a sus Datos personales bajo su propio riesgo.<\/p>\n<p class=\"p4\">Usted acepta notificarnos de inmediato sobre cualquier uso no autorizado o inadecuado de su nombre de usuario o contrase\u00f1a o cualquier otra violaci\u00f3n de seguridad. Para ayudar a protegerse contra el uso no autorizado o inadecuado, aseg\u00farese de cerrar la sesi\u00f3n al final de cada sesi\u00f3n que requiera su nombre de usuario y contrase\u00f1a.<\/p>\n<p class=\"p4\">Haremos todo lo posible para mantener la privacidad de su nombre de usuario y contrase\u00f1a y no compartiremos su contrase\u00f1a sin su consentimiento, excepto cuando sea necesario cuando la ley lo requiera o en la creencia de buena fe de que dicha acci\u00f3n es necesaria. particularmente cuando la divulgaci\u00f3n es necesaria para identificar, contactar o emprender acciones legales contra alguien que pueda estar causando da\u00f1o a otros o interfiriendo con nuestros derechos o propiedad.<\/p>\n<p class=\"p4\"><b>C\u00f3mo puede acceder, actualizar o eliminar sus datos personales.<\/b><\/p>\n<p class=\"p4\">Tienes derecho a:<\/p>\n<ol class=\"ol1\">\n<li class=\"li6\"><span class=\"s1\">Solicite informaci\u00f3n sobre c\u00f3mo se utilizan sus datos personales y solicite una copia de los datos personales que utilizamos.<\/span><\/li>\n<li class=\"li6\"><span class=\"s1\">Restrinja el procesamiento si cree que los Datos personales no son precisos, ilegales o ya no son necesarios.<\/span><\/li>\n<li class=\"li6\"><span class=\"s1\">Rectificar o borrar los Datos Personales y recibir confirmaci\u00f3n de la rectificaci\u00f3n o borrado. (Tiene el \u00abderecho al olvido\u201d).<\/span><\/li>\n<li class=\"li6\"><span class=\"s1\">Retirar su consentimiento en cualquier momento para el procesamiento de sus Datos Personales.<\/span><\/li>\n<li class=\"li6\"><span class=\"s1\">Presentar una queja ante una autoridad supervisora \u200b\u200bsi cree que estamos usando sus Datos personales de manera ilegal.<\/span><\/li>\n<li class=\"li6\"><span class=\"s1\">Recibir portabilidad y transferencia de Datos Personales a otro controlador sin nuestro impedimento.<\/span><\/li>\n<li class=\"li6\"><span class=\"s1\">Oponerse a nuestro uso de sus datos personales.<\/span><\/li>\n<li class=\"li6\"><span class=\"s1\">No estar sujeto a una decisi\u00f3n automatizada basada \u00fanicamente en el procesamiento autom\u00e1tico, incluida la elaboraci\u00f3n de perfiles, que lo afecte legal o significativamente.<\/span><\/li>\n<\/ol>\n<p class=\"p5\"><b>Darse de baja.<\/b><\/p>\n<p class=\"p4\">Puede darse de baja de nuestros boletines electr\u00f3nicos o actualizaciones en cualquier momento a trav\u00e9s del enlace de cancelaci\u00f3n de suscripci\u00f3n al pie de todas las comunicaciones por correo electr\u00f3nico. Si tiene preguntas o tiene problemas para cancelar la suscripci\u00f3n, comun\u00edquese con nosotros a anna@iampresencecenter.com<\/p>\n<p class=\"p5\"><b>Seguridad.<\/b><\/p>\n<p class=\"p4\">Tomamos medidas comercialmente razonables para proteger sus Datos personales del uso indebido, la divulgaci\u00f3n o el acceso no autorizado. Solo compartimos sus Datos personales con terceros de confianza que utilizan el mismo nivel de cuidado en el procesamiento de sus Datos personales que nosotros. Dicho esto, no podemos garantizar que sus datos personales siempre estar\u00e1n seguros debido a la tecnolog\u00eda o las brechas de seguridad. En caso de que se produzca una violaci\u00f3n de datos de la que tengamos conocimiento, le informaremos de inmediato.<\/p>\n<p class=\"p5\"><b>Pol\u00edtica anti-spam.<\/b><\/p>\n<p class=\"p4\">Tenemos una pol\u00edtica de no spam y le brindamos la posibilidad de optar por no recibir nuestras comunicaciones seleccionando el enlace para cancelar la suscripci\u00f3n al pie de todos los correos electr\u00f3nicos. Hemos tomado las medidas necesarias para asegurarnos de que cumplimos con la Ley CAN-SPAM de 2003 al no enviar nunca informaci\u00f3n enga\u00f1osa. No venderemos, alquilaremos ni compartiremos su direcci\u00f3n de correo electr\u00f3nico.<\/p>\n<p class=\"p5\"><b>Sitios web de terceros.<\/b><\/p>\n<p class=\"p4\">Podemos vincularnos a otros sitios web en nuestro sitio web. No tenemos ninguna responsabilidad por el contenido y las actividades de cualquier otra persona, empresa o entidad cuyo sitio web o materiales puedan estar vinculados a nuestro sitio web o su contenido, y por lo tanto no podemos ser responsables de la privacidad de la informaci\u00f3n en su sitio web o que comparte voluntariamente con su sitio web. Revise sus pol\u00edticas de privacidad para conocer las pautas sobre c\u00f3mo almacenan, usan y protegen respectivamente la privacidad de sus Datos personales.<\/p>\n<p class=\"p5\"><b>Cumplimiento de la ley de protecci\u00f3n de la privacidad en l\u00ednea de los ni\u00f1os.<\/b><\/p>\n<p class=\"p4\">No recopilamos informaci\u00f3n de menores de 18 a\u00f1os de acuerdo con la COPPA (Ley de protecci\u00f3n de la privacidad en l\u00ednea de los ni\u00f1os) y el GDPR (Reglamento general de protecci\u00f3n de datos de la UE). Nuestro sitio web y su contenido est\u00e1n dirigidos a personas que tienen al menos 18 a\u00f1os de edad o m\u00e1s.<\/p>\n<p class=\"p5\"><b>Notificaci\u00f3n de cambios.<\/b><\/p>\n<p class=\"p4\">Podemos utilizar sus datos personales, como su informaci\u00f3n de contacto, para informarle de cambios en el sitio web o su contenido, o, si se solicita, para enviarle informaci\u00f3n adicional sobre nosotros. Nos reservamos el derecho, a nuestro exclusivo criterio, de cambiar, modificar o alterar nuestro sitio web, su contenido y esta Pol\u00edtica de privacidad en cualquier momento. Dichos cambios y \/ o modificaciones entrar\u00e1n en vigencia inmediatamente despu\u00e9s de la publicaci\u00f3n de nuestra Pol\u00edtica de privacidad actualizada. Revise esta Pol\u00edtica de privacidad peri\u00f3dicamente. El uso continuo de cualquier informaci\u00f3n obtenida a trav\u00e9s o en el sitio web o su contenido despu\u00e9s de la publicaci\u00f3n de cambios y \/ o modificaciones constitu\u00eda la aceptaci\u00f3n de la Pol\u00edtica de privacidad revisada. Si hubiera un cambio sustancial en nuestra Pol\u00edtica de privacidad, nos comunicaremos con usted por correo electr\u00f3nico o mediante una nota destacada en nuestro sitio web.<\/p>\n<p class=\"p5\"><b>Controladores y procesadores de datos.<\/b><\/p>\n<p class=\"p4\">Somos los controladores de datos, ya que recopilamos y usamos sus Datos personales. Utilizamos a terceros de confianza como nuestros procesadores de datos para fines t\u00e9cnicos y organizativos, incluidos los pagos y el marketing por correo electr\u00f3nico. Hacemos todos los esfuerzos razonables para asegurarnos de que nuestros procesadores de datos cumplan con el RGPD.<\/p>\n<p class=\"p4\">Si tiene alguna pregunta sobre esta Pol\u00edtica de privacidad, cont\u00e1ctenos en <a href=\"mailto:anna@iampresencecenter.com\"><span class=\"s2\">anna@iampresencecenter.com<\/span><\/a><\/p>\n<p class=\"p4\">\u00daltima actualizaci\u00f3n: 1\/02\/2021<\/p>\n","protected":false},"excerpt":{"rendered":"<p>POL\u00cdTICA DE PRIVACIDAD\u00a0 Lea esta Pol\u00edtica de privacidad detenidamente antes de utilizar este sitio web. Consentimiento de la pol\u00edtica de privacidad. El sitio web y su contenido son propiedad de Anna Barniol Suri\u00f1ach y I AM PRESENCE C Center (\u00abCompa\u00f1\u00eda\u00bb, \u00abnosotros\u00bb o \u00abnos\u00bb). El t\u00e9rmino \u00abusted\u00bb se refiere al usuario o visitante de nuestro sitio [&hellip;]<\/p>\n","protected":false},"author":1,"featured_media":0,"parent":0,"menu_order":0,"comment_status":"closed","ping_status":"closed","template":"","meta":[],"_links":{"self":[{"href":"https:\/\/www.iampresencecenter.com\/es\/wp-json\/wp\/v2\/pages\/2307"}],"collection":[{"href":"https:\/\/www.iampresencecenter.com\/es\/wp-json\/wp\/v2\/pages"}],"about":[{"href":"https:\/\/www.iampresencecenter.com\/es\/wp-json\/wp\/v2\/types\/page"}],"author":[{"embeddable":true,"href":"https:\/\/www.iampresencecenter.com\/es\/wp-json\/wp\/v2\/users\/1"}],"replies":[{"embeddable":true,"href":"https:\/\/www.iampresencecenter.com\/es\/wp-json\/wp\/v2\/comments?post=2307"}],"version-history":[{"count":1,"href":"https:\/\/www.iampresencecenter.com\/es\/wp-json\/wp\/v2\/pages\/2307\/revisions"}],"predecessor-version":[{"id":3361,"href":"https:\/\/www.iampresencecenter.com\/es\/wp-json\/wp\/v2\/pages\/2307\/revisions\/3361"}],"wp:attachment":[{"href":"https:\/\/www.iampresencecenter.com\/es\/wp-json\/wp\/v2\/media?parent=2307"}],"curies":[{"name":"wp","href":"https:\/\/api.w.org\/{rel}","templated":true}]}}